{"id":886,"date":"2021-04-20T14:56:06","date_gmt":"2021-04-20T12:56:06","guid":{"rendered":"https:\/\/www.acrobatix.sk\/?page_id=886"},"modified":"2024-08-20T13:01:33","modified_gmt":"2024-08-20T11:01:33","slug":"book-classes","status":"publish","type":"page","link":"https:\/\/www.acrobatix.sk\/en\/","title":{"rendered":"Rezervujte si hodinu"},"content":{"rendered":"<div data-elementor-type=\"wp-page\" data-elementor-id=\"886\" class=\"elementor elementor-886\" data-elementor-post-type=\"page\">\n\t\t\t\t\t\t<section class=\"elementor-section elementor-top-section elementor-element elementor-element-c90158b elementor-hidden-desktop elementor-hidden-tablet elementor-hidden-mobile elementor-section-boxed elementor-section-height-default elementor-section-height-default jltma-glass-effect-no\" data-id=\"c90158b\" data-element_type=\"section\" data-e-type=\"section\" data-settings=\"{&quot;background_background&quot;:&quot;classic&quot;}\">\n\t\t\t\t\t\t<div class=\"elementor-container elementor-column-gap-default\">\n\t\t\t\t\t<div class=\"elementor-column elementor-col-100 elementor-top-column elementor-element elementor-element-74e4ac8 jltma-glass-effect-no\" data-id=\"74e4ac8\" data-element_type=\"column\" data-e-type=\"column\" data-settings=\"{&quot;background_background&quot;:&quot;classic&quot;}\">\n\t\t\t<div class=\"elementor-widget-wrap elementor-element-populated\">\n\t\t\t\t\t\t<div class=\"elementor-element elementor-element-5995738 content-align-cta-default jltma-glass-effect-no elementor-widget elementor-widget-eael-cta-box\" data-id=\"5995738\" data-element_type=\"widget\" data-e-type=\"widget\" data-widget_type=\"eael-cta-box.default\">\n\t\t\t\t<div class=\"elementor-widget-container\">\n\t\t\t\t\t\t\t<div class=\"eael-call-to-action cta-basic bg-lite cta-preset-1\">\n        <h2 class=\"title eael-cta-heading\">PREBIEHA PRIHLASOVANIE NA KURZY M\u00c1J - J\u00daN<\/h2><a href=\"https:\/\/www.acrobatix.sk\/en\/lekcie\/\" class=\"cta-button cta-preset-1\">Viac info a rezerv\u00e1cia miesta<\/a>\t<\/div>\n\t\t\t\t\t\t\t\t<\/div>\n\t\t\t\t<\/div>\n\t\t\t\t<div class=\"elementor-element elementor-element-a984d09 elementor-cta--skin-cover elementor-hidden-desktop elementor-hidden-tablet elementor-hidden-mobile elementor-animated-content elementor-bg-transform elementor-bg-transform-zoom-in jltma-glass-effect-no elementor-widget elementor-widget-call-to-action\" data-id=\"a984d09\" data-element_type=\"widget\" data-e-type=\"widget\" data-widget_type=\"call-to-action.default\">\n\t\t\t\t<div class=\"elementor-widget-container\">\n\t\t\t\t\t\t\t<a class=\"elementor-cta\" href=\"https:\/\/bookeo.com\/acrobatix?type=222UHFP461872738C943\">\n\t\t\t\t\t<div class=\"elementor-cta__bg-wrapper\">\n\t\t\t\t<div class=\"elementor-cta__bg elementor-bg\" style=\"background-image: url(https:\/\/www.acrobatix.sk\/wp-content\/uploads\/2022\/10\/Untitled-1500-\u00d7-500-px-2.jpg);\" role=\"img\" aria-label=\"Untitled (1500 \u00d7 500 px) (2)\"><\/div>\n\t\t\t\t<div class=\"elementor-cta__bg-overlay\"><\/div>\n\t\t\t<\/div>\n\t\t\t\t\t\t\t<div class=\"elementor-cta__content\">\n\t\t\t\t\n\t\t\t\t\t\t\t\t\t<h2 class=\"elementor-cta__title elementor-cta__content-item elementor-content-item elementor-animated-item--grow\">\n\t\t\t\t\t\tFotenie na kruhu a \u0161\u00e1le\t\t\t\t\t<\/h2>\n\t\t\t\t\n\t\t\t\t\t\t\t\t\t<div class=\"elementor-cta__description elementor-cta__content-item elementor-content-item elementor-animated-item--grow\">\n\t\t\t\t\t\tD\u0148a 15.4.2022 a 16.4 sa uskuto\u010dn\u00ed profesion\u00e1lne fotenie na kruhu a \u0161\u00e1le pre deti aj dospel\u00fdch.\t\t\t\t\t<\/div>\n\t\t\t\t\n\t\t\t\t\t\t\t\t\t<div class=\"elementor-cta__button-wrapper elementor-cta__content-item elementor-content-item elementor-animated-item--grow\">\n\t\t\t\t\t<span class=\"elementor-cta__button elementor-button elementor-size-lg\">\n\t\t\t\t\t\tViac info a rezerv\u00e1cia \t\t\t\t\t<\/span>\n\t\t\t\t\t<\/div>\n\t\t\t\t\t\t\t<\/div>\n\t\t\t\t\t\t<\/a>\n\t\t\t\t\t\t<\/div>\n\t\t\t\t<\/div>\n\t\t\t\t\t<\/div>\n\t\t<\/div>\n\t\t\t\t\t<\/div>\n\t\t<\/section>\n\t\t\t\t<section class=\"elementor-section elementor-top-section elementor-element elementor-element-3b0a810 elementor-section-boxed elementor-section-height-default elementor-section-height-default jltma-glass-effect-no\" data-id=\"3b0a810\" data-element_type=\"section\" data-e-type=\"section\">\n\t\t\t\t\t\t<div class=\"elementor-container elementor-column-gap-default\">\n\t\t\t\t\t<div class=\"elementor-column elementor-col-100 elementor-top-column elementor-element elementor-element-b807d28 jltma-glass-effect-no\" data-id=\"b807d28\" data-element_type=\"column\" data-e-type=\"column\" data-settings=\"{&quot;background_background&quot;:&quot;classic&quot;}\">\n\t\t\t<div class=\"elementor-widget-wrap elementor-element-populated\">\n\t\t\t\t\t\t<div class=\"elementor-element elementor-element-b6bffbe jltma-glass-effect-no elementor-widget elementor-widget-heading\" data-id=\"b6bffbe\" data-element_type=\"widget\" data-e-type=\"widget\" data-widget_type=\"heading.default\">\n\t\t\t\t<div class=\"elementor-widget-container\">\n\t\t\t\t\t<h1 class=\"elementor-heading-title elementor-size-default\">rezervujte si hodinu<\/h1>\t\t\t\t<\/div>\n\t\t\t\t<\/div>\n\t\t\t\t\t<\/div>\n\t\t<\/div>\n\t\t\t\t\t<\/div>\n\t\t<\/section>\n\t\t\t\t<section class=\"elementor-section elementor-top-section elementor-element elementor-element-34800fb elementor-section-boxed elementor-section-height-default elementor-section-height-default jltma-glass-effect-no\" data-id=\"34800fb\" data-element_type=\"section\" data-e-type=\"section\">\n\t\t\t\t\t\t<div class=\"elementor-container elementor-column-gap-default\">\n\t\t\t\t\t<div class=\"elementor-column elementor-col-100 elementor-top-column elementor-element elementor-element-d108cd3 jltma-glass-effect-no\" data-id=\"d108cd3\" data-element_type=\"column\" data-e-type=\"column\" data-settings=\"{&quot;background_background&quot;:&quot;classic&quot;}\">\n\t\t\t<div class=\"elementor-widget-wrap elementor-element-populated\">\n\t\t\t\t\t\t<div class=\"elementor-element elementor-element-1fb20f9 jltma-glass-effect-no elementor-widget elementor-widget-shortcode\" data-id=\"1fb20f9\" data-element_type=\"widget\" data-e-type=\"widget\" data-widget_type=\"shortcode.default\">\n\t\t\t\t<div class=\"elementor-widget-container\">\n\t\t\t\t\t\t\t<div class=\"elementor-shortcode\"><script type=\"text\/javascript\" src=\"https:\/\/bookeo.com\/widget.js?a=222M4AHLP178EF27DD44\"><\/script><\/div>\n\t\t\t\t\t\t<\/div>\n\t\t\t\t<\/div>\n\t\t\t\t\t<\/div>\n\t\t<\/div>\n\t\t\t\t\t<\/div>\n\t\t<\/section>\n\t\t\t\t<section class=\"elementor-section elementor-top-section elementor-element elementor-element-7a6846d elementor-section-boxed elementor-section-height-default elementor-section-height-default jltma-glass-effect-no\" data-id=\"7a6846d\" data-element_type=\"section\" data-e-type=\"section\">\n\t\t\t\t\t\t<div class=\"elementor-container elementor-column-gap-default\">\n\t\t\t\t\t<div class=\"elementor-column elementor-col-100 elementor-top-column elementor-element elementor-element-2189304 jltma-glass-effect-no\" data-id=\"2189304\" data-element_type=\"column\" data-e-type=\"column\" data-settings=\"{&quot;background_background&quot;:&quot;classic&quot;}\">\n\t\t\t<div class=\"elementor-widget-wrap elementor-element-populated\">\n\t\t\t\t\t\t<div class=\"elementor-element elementor-element-72a481a elementor-hidden-tablet elementor-hidden-mobile jltma-glass-effect-no elementor-widget elementor-widget-image\" data-id=\"72a481a\" data-element_type=\"widget\" data-e-type=\"widget\" data-widget_type=\"image.default\">\n\t\t\t\t<div class=\"elementor-widget-container\">\n\t\t\t\t\t\t\t\t\t\t\t\t\t\t\t<img fetchpriority=\"high\" decoding=\"async\" width=\"2048\" height=\"1365\" src=\"https:\/\/www.acrobatix.sk\/wp-content\/uploads\/2023\/08\/nova-foto-web_po-psd-2048x1365.jpg\" class=\"attachment-2048x2048 size-2048x2048 wp-image-3173\" alt=\"\" srcset=\"https:\/\/www.acrobatix.sk\/wp-content\/uploads\/2023\/08\/nova-foto-web_po-psd-2048x1365.jpg 2048w, https:\/\/www.acrobatix.sk\/wp-content\/uploads\/2023\/08\/nova-foto-web_po-psd-300x200.jpg 300w, https:\/\/www.acrobatix.sk\/wp-content\/uploads\/2023\/08\/nova-foto-web_po-psd-1024x683.jpg 1024w, https:\/\/www.acrobatix.sk\/wp-content\/uploads\/2023\/08\/nova-foto-web_po-psd-768x512.jpg 768w, https:\/\/www.acrobatix.sk\/wp-content\/uploads\/2023\/08\/nova-foto-web_po-psd-1536x1024.jpg 1536w, https:\/\/www.acrobatix.sk\/wp-content\/uploads\/2023\/08\/nova-foto-web_po-psd-18x12.jpg 18w\" sizes=\"(max-width: 2048px) 100vw, 2048px\" \/>\t\t\t\t\t\t\t\t\t\t\t\t\t\t\t<\/div>\n\t\t\t\t<\/div>\n\t\t\t\t\t<\/div>\n\t\t<\/div>\n\t\t\t\t\t<\/div>\n\t\t<\/section>\n\t\t\t\t<\/div>","protected":false},"excerpt":{"rendered":"<p>PREBIEHA PRIHLASOVANIE NA KURZY M\u00c1J &#8211; J\u00daN Viac info a rezerv\u00e1cia miesta Fotenie na kruhu a \u0161\u00e1le D\u0148a 15.4.2022 a 16.4 sa uskuto\u010dn\u00ed profesion\u00e1lne fotenie na kruhu a \u0161\u00e1le pre deti aj dospel\u00fdch. Viac info a rezerv\u00e1cia rezervujte si hodinu<\/p>","protected":false},"author":1,"featured_media":0,"parent":0,"menu_order":0,"comment_status":"closed","ping_status":"closed","template":"","meta":{"_acf_changed":false,"footnotes":""},"class_list":["post-886","page","type-page","status-publish","hentry"],"acf":[],"yoast_head":"<!-- This site is optimized with the Yoast SEO plugin v27.5 - https:\/\/yoast.com\/product\/yoast-seo-wordpress\/ -->\n<title>Rezervujte si hodinu - Acrobatix<\/title>\n<meta name=\"robots\" content=\"index, follow, max-snippet:-1, max-image-preview:large, max-video-preview:-1\" \/>\n<link rel=\"canonical\" href=\"https:\/\/www.acrobatix.sk\/en\/\" \/>\n<meta property=\"og:locale\" content=\"en_US\" \/>\n<meta property=\"og:type\" content=\"article\" \/>\n<meta property=\"og:title\" content=\"Rezervujte si hodinu - Acrobatix\" \/>\n<meta property=\"og:description\" content=\"PREBIEHA PRIHLASOVANIE NA KURZY M\u00c1J &#8211; J\u00daN Viac info a rezerv\u00e1cia miesta Fotenie na kruhu a \u0161\u00e1le D\u0148a 15.4.2022 a 16.4 sa uskuto\u010dn\u00ed profesion\u00e1lne fotenie na kruhu a \u0161\u00e1le pre deti aj dospel\u00fdch. Viac info a rezerv\u00e1cia rezervujte si hodinu\" \/>\n<meta property=\"og:url\" content=\"https:\/\/www.acrobatix.sk\/en\/\" \/>\n<meta property=\"og:site_name\" content=\"Acrobatix\" \/>\n<meta property=\"article:publisher\" content=\"https:\/\/www.facebook.com\/Acrobatix.sk\" \/>\n<meta property=\"article:modified_time\" content=\"2024-08-20T11:01:33+00:00\" \/>\n<meta property=\"og:image\" content=\"https:\/\/www.acrobatix.sk\/wp-content\/uploads\/2023\/08\/nova-foto-web_po-psd-2048x1365.jpg\" \/>\n<meta name=\"twitter:card\" content=\"summary_large_image\" \/>\n<meta name=\"twitter:label1\" content=\"Est. reading time\" \/>\n\t<meta name=\"twitter:data1\" content=\"1 minute\" \/>\n<script type=\"application\/ld+json\" class=\"yoast-schema-graph\">{\"@context\":\"https:\\\/\\\/schema.org\",\"@graph\":[{\"@type\":\"WebPage\",\"@id\":\"https:\\\/\\\/www.acrobatix.sk\\\/\",\"url\":\"https:\\\/\\\/www.acrobatix.sk\\\/\",\"name\":\"Rezervujte si hodinu - Acrobatix\",\"isPartOf\":{\"@id\":\"https:\\\/\\\/www.acrobatix.sk\\\/#website\"},\"primaryImageOfPage\":{\"@id\":\"https:\\\/\\\/www.acrobatix.sk\\\/#primaryimage\"},\"image\":{\"@id\":\"https:\\\/\\\/www.acrobatix.sk\\\/#primaryimage\"},\"thumbnailUrl\":\"https:\\\/\\\/www.acrobatix.sk\\\/wp-content\\\/uploads\\\/2023\\\/08\\\/nova-foto-web_po-psd-2048x1365.jpg\",\"datePublished\":\"2021-04-20T12:56:06+00:00\",\"dateModified\":\"2024-08-20T11:01:33+00:00\",\"breadcrumb\":{\"@id\":\"https:\\\/\\\/www.acrobatix.sk\\\/#breadcrumb\"},\"inLanguage\":\"en-US\",\"potentialAction\":[{\"@type\":\"ReadAction\",\"target\":[\"https:\\\/\\\/www.acrobatix.sk\\\/\"]}]},{\"@type\":\"ImageObject\",\"inLanguage\":\"en-US\",\"@id\":\"https:\\\/\\\/www.acrobatix.sk\\\/#primaryimage\",\"url\":\"https:\\\/\\\/www.acrobatix.sk\\\/wp-content\\\/uploads\\\/2023\\\/08\\\/nova-foto-web_po-psd-2048x1365.jpg\",\"contentUrl\":\"https:\\\/\\\/www.acrobatix.sk\\\/wp-content\\\/uploads\\\/2023\\\/08\\\/nova-foto-web_po-psd-2048x1365.jpg\"},{\"@type\":\"BreadcrumbList\",\"@id\":\"https:\\\/\\\/www.acrobatix.sk\\\/#breadcrumb\",\"itemListElement\":[{\"@type\":\"ListItem\",\"position\":1,\"name\":\"Home\",\"item\":\"https:\\\/\\\/www.acrobatix.sk\\\/\"},{\"@type\":\"ListItem\",\"position\":2,\"name\":\"Rezervujte si hodinu\"}]},{\"@type\":\"WebSite\",\"@id\":\"https:\\\/\\\/www.acrobatix.sk\\\/#website\",\"url\":\"https:\\\/\\\/www.acrobatix.sk\\\/\",\"name\":\"Acrobatix\",\"description\":\"Passion. Perfection. Safety.\",\"publisher\":{\"@id\":\"https:\\\/\\\/www.acrobatix.sk\\\/#organization\"},\"potentialAction\":[{\"@type\":\"SearchAction\",\"target\":{\"@type\":\"EntryPoint\",\"urlTemplate\":\"https:\\\/\\\/www.acrobatix.sk\\\/?s={search_term_string}\"},\"query-input\":{\"@type\":\"PropertyValueSpecification\",\"valueRequired\":true,\"valueName\":\"search_term_string\"}}],\"inLanguage\":\"en-US\"},{\"@type\":\"Organization\",\"@id\":\"https:\\\/\\\/www.acrobatix.sk\\\/#organization\",\"name\":\"AcrobatiX - aerial arts academy\",\"url\":\"https:\\\/\\\/www.acrobatix.sk\\\/\",\"logo\":{\"@type\":\"ImageObject\",\"inLanguage\":\"en-US\",\"@id\":\"https:\\\/\\\/www.acrobatix.sk\\\/#\\\/schema\\\/logo\\\/image\\\/\",\"url\":\"https:\\\/\\\/www.acrobatix.sk\\\/wp-content\\\/uploads\\\/2021\\\/04\\\/cropped-Asset-1.png\",\"contentUrl\":\"https:\\\/\\\/www.acrobatix.sk\\\/wp-content\\\/uploads\\\/2021\\\/04\\\/cropped-Asset-1.png\",\"width\":349,\"height\":245,\"caption\":\"AcrobatiX - aerial arts academy\"},\"image\":{\"@id\":\"https:\\\/\\\/www.acrobatix.sk\\\/#\\\/schema\\\/logo\\\/image\\\/\"},\"sameAs\":[\"https:\\\/\\\/www.facebook.com\\\/Acrobatix.sk\",\"https:\\\/\\\/www.instagram.com\\\/acrobatix.sk\\\/\",\"https:\\\/\\\/www.youtube.com\\\/channel\\\/UCHkMt2hVWJ3I-P9H9roNgjQ\"]}]}<\/script>\n<!-- \/ Yoast SEO plugin. -->","yoast_head_json":{"title":"Rezervujte si hodinu - Acrobatix","robots":{"index":"index","follow":"follow","max-snippet":"max-snippet:-1","max-image-preview":"max-image-preview:large","max-video-preview":"max-video-preview:-1"},"canonical":"https:\/\/www.acrobatix.sk\/en\/","og_locale":"en_US","og_type":"article","og_title":"Rezervujte si hodinu - Acrobatix","og_description":"PREBIEHA PRIHLASOVANIE NA KURZY M\u00c1J &#8211; J\u00daN Viac info a rezerv\u00e1cia miesta Fotenie na kruhu a \u0161\u00e1le D\u0148a 15.4.2022 a 16.4 sa uskuto\u010dn\u00ed profesion\u00e1lne fotenie na kruhu a \u0161\u00e1le pre deti aj dospel\u00fdch. Viac info a rezerv\u00e1cia rezervujte si hodinu","og_url":"https:\/\/www.acrobatix.sk\/en\/","og_site_name":"Acrobatix","article_publisher":"https:\/\/www.facebook.com\/Acrobatix.sk","article_modified_time":"2024-08-20T11:01:33+00:00","og_image":[{"url":"https:\/\/www.acrobatix.sk\/wp-content\/uploads\/2023\/08\/nova-foto-web_po-psd-2048x1365.jpg","type":"","width":"","height":""}],"twitter_card":"summary_large_image","twitter_misc":{"Est. reading time":"1 minute"},"schema":{"@context":"https:\/\/schema.org","@graph":[{"@type":"WebPage","@id":"https:\/\/www.acrobatix.sk\/","url":"https:\/\/www.acrobatix.sk\/","name":"Rezervujte si hodinu - Acrobatix","isPartOf":{"@id":"https:\/\/www.acrobatix.sk\/#website"},"primaryImageOfPage":{"@id":"https:\/\/www.acrobatix.sk\/#primaryimage"},"image":{"@id":"https:\/\/www.acrobatix.sk\/#primaryimage"},"thumbnailUrl":"https:\/\/www.acrobatix.sk\/wp-content\/uploads\/2023\/08\/nova-foto-web_po-psd-2048x1365.jpg","datePublished":"2021-04-20T12:56:06+00:00","dateModified":"2024-08-20T11:01:33+00:00","breadcrumb":{"@id":"https:\/\/www.acrobatix.sk\/#breadcrumb"},"inLanguage":"en-US","potentialAction":[{"@type":"ReadAction","target":["https:\/\/www.acrobatix.sk\/"]}]},{"@type":"ImageObject","inLanguage":"en-US","@id":"https:\/\/www.acrobatix.sk\/#primaryimage","url":"https:\/\/www.acrobatix.sk\/wp-content\/uploads\/2023\/08\/nova-foto-web_po-psd-2048x1365.jpg","contentUrl":"https:\/\/www.acrobatix.sk\/wp-content\/uploads\/2023\/08\/nova-foto-web_po-psd-2048x1365.jpg"},{"@type":"BreadcrumbList","@id":"https:\/\/www.acrobatix.sk\/#breadcrumb","itemListElement":[{"@type":"ListItem","position":1,"name":"Home","item":"https:\/\/www.acrobatix.sk\/"},{"@type":"ListItem","position":2,"name":"Rezervujte si hodinu"}]},{"@type":"WebSite","@id":"https:\/\/www.acrobatix.sk\/#website","url":"https:\/\/www.acrobatix.sk\/","name":"Acrobatix","description":"Passion. Perfection. Safety.","publisher":{"@id":"https:\/\/www.acrobatix.sk\/#organization"},"potentialAction":[{"@type":"SearchAction","target":{"@type":"EntryPoint","urlTemplate":"https:\/\/www.acrobatix.sk\/?s={search_term_string}"},"query-input":{"@type":"PropertyValueSpecification","valueRequired":true,"valueName":"search_term_string"}}],"inLanguage":"en-US"},{"@type":"Organization","@id":"https:\/\/www.acrobatix.sk\/#organization","name":"AcrobatiX - aerial arts academy","url":"https:\/\/www.acrobatix.sk\/","logo":{"@type":"ImageObject","inLanguage":"en-US","@id":"https:\/\/www.acrobatix.sk\/#\/schema\/logo\/image\/","url":"https:\/\/www.acrobatix.sk\/wp-content\/uploads\/2021\/04\/cropped-Asset-1.png","contentUrl":"https:\/\/www.acrobatix.sk\/wp-content\/uploads\/2021\/04\/cropped-Asset-1.png","width":349,"height":245,"caption":"AcrobatiX - aerial arts academy"},"image":{"@id":"https:\/\/www.acrobatix.sk\/#\/schema\/logo\/image\/"},"sameAs":["https:\/\/www.facebook.com\/Acrobatix.sk","https:\/\/www.instagram.com\/acrobatix.sk\/","https:\/\/www.youtube.com\/channel\/UCHkMt2hVWJ3I-P9H9roNgjQ"]}]}},"rttpg_featured_image_url":null,"rttpg_author":{"display_name":"Michal","author_link":"https:\/\/www.acrobatix.sk\/en\/author\/michal\/"},"rttpg_comment":0,"rttpg_category":null,"rttpg_excerpt":"PREBIEHA PRIHLASOVANIE NA KURZY M\u00c1J &#8211; J\u00daN Viac info a rezerv\u00e1cia miesta Fotenie na kruhu a \u0161\u00e1le D\u0148a 15.4.2022 a 16.4 sa uskuto\u010dn\u00ed profesion\u00e1lne fotenie na kruhu a \u0161\u00e1le pre deti aj dospel\u00fdch. Viac info a rezerv\u00e1cia rezervujte si hodinu","_links":{"self":[{"href":"https:\/\/www.acrobatix.sk\/en\/wp-json\/wp\/v2\/pages\/886","targetHints":{"allow":["GET"]}}],"collection":[{"href":"https:\/\/www.acrobatix.sk\/en\/wp-json\/wp\/v2\/pages"}],"about":[{"href":"https:\/\/www.acrobatix.sk\/en\/wp-json\/wp\/v2\/types\/page"}],"author":[{"embeddable":true,"href":"https:\/\/www.acrobatix.sk\/en\/wp-json\/wp\/v2\/users\/1"}],"replies":[{"embeddable":true,"href":"https:\/\/www.acrobatix.sk\/en\/wp-json\/wp\/v2\/comments?post=886"}],"version-history":[{"count":6,"href":"https:\/\/www.acrobatix.sk\/en\/wp-json\/wp\/v2\/pages\/886\/revisions"}],"predecessor-version":[{"id":3736,"href":"https:\/\/www.acrobatix.sk\/en\/wp-json\/wp\/v2\/pages\/886\/revisions\/3736"}],"wp:attachment":[{"href":"https:\/\/www.acrobatix.sk\/en\/wp-json\/wp\/v2\/media?parent=886"}],"curies":[{"name":"wp","href":"https:\/\/api.w.org\/{rel}","templated":true}]}}