{"id":4220,"date":"2025-02-11T17:08:30","date_gmt":"2025-02-11T16:08:30","guid":{"rendered":"https:\/\/www.acrobatix.sk\/?page_id=4220"},"modified":"2025-02-12T09:52:07","modified_gmt":"2025-02-12T08:52:07","slug":"blog","status":"publish","type":"page","link":"https:\/\/www.acrobatix.sk\/en\/blog\/","title":{"rendered":"Blog"},"content":{"rendered":"<div data-elementor-type=\"wp-page\" data-elementor-id=\"4220\" class=\"elementor elementor-4220\" data-elementor-post-type=\"page\">\n\t\t\t\t\t\t<section class=\"elementor-section elementor-top-section elementor-element elementor-element-3b1d5c4 elementor-section-boxed elementor-section-height-default elementor-section-height-default jltma-glass-effect-no\" data-id=\"3b1d5c4\" data-element_type=\"section\" data-e-type=\"section\">\n\t\t\t\t\t\t<div class=\"elementor-container elementor-column-gap-default\">\n\t\t\t\t\t<div class=\"elementor-column elementor-col-100 elementor-top-column elementor-element elementor-element-b3540e7 jltma-glass-effect-no\" data-id=\"b3540e7\" data-element_type=\"column\" data-e-type=\"column\" data-settings=\"{&quot;background_background&quot;:&quot;classic&quot;}\">\n\t\t\t<div class=\"elementor-widget-wrap elementor-element-populated\">\n\t\t\t\t\t\t<div class=\"elementor-element elementor-element-eb9f6bc jltma-glass-effect-no elementor-widget elementor-widget-heading\" data-id=\"eb9f6bc\" data-element_type=\"widget\" data-e-type=\"widget\" data-widget_type=\"heading.default\">\n\t\t\t\t<div class=\"elementor-widget-container\">\n\t\t\t\t\t<h1 class=\"elementor-heading-title elementor-size-default\">Blog<\/h1>\t\t\t\t<\/div>\n\t\t\t\t<\/div>\n\t\t\t\t<div class=\"elementor-element elementor-element-4dd81bd jltma-glass-effect-no elementor-widget elementor-widget-shortcode\" data-id=\"4dd81bd\" data-element_type=\"widget\" data-e-type=\"widget\" data-widget_type=\"shortcode.default\">\n\t\t\t\t<div class=\"elementor-widget-container\">\n\t\t\t\t\t\t\t<div class=\"elementor-shortcode\"><style type='text\/css' media='all'>#rt-tpg-container-1494593345 .read-more a{border-radius:px;}#rt-tpg-container-1494593345 .tpg-widget-heading-wrapper.heading-style1 .tpg-widget-heading-line, #rt-tpg-container-1494593345 .tpg-widget-heading-wrapper.heading-style2, #rt-tpg-container-1494593345 .tpg-widget-heading-wrapper.heading-style3  {border-color:#ffffff;}#rt-tpg-container-1494593345 .rt-img-holder img.rt-img-responsive,#rt-tpg-container-1494593345 .rt-img-holder,\n\t\t\t\t\t#rt-tpg-container-1494593345 .rt-post-overlay .post-img,\n\t\t\t\t\t#rt-tpg-container-1494593345 .post-sm .post-img,\n\t\t\t\t\t#rt-tpg-container-1494593345 .rt-post-grid .post-img,\n\t\t\t\t\t#rt-tpg-container-1494593345 .post-img img {border-radius:px;}<\/style><div class='rt-container-fluid rt-tpg-container tpg-shortcode-main-wrapper' id='rt-tpg-container-1494593345'   data-layout='layout1' data-grid-style='even' data-desktop-col='3'  data-tab-col='2'  data-mobile-col='1' data-sc-id='4153'><div class=\"tpg-widget-heading-wrapper heading-style1\"><span class=\"tpg-widget-heading-line line-left\"><\/span><h2 class=\"tpg-widget-heading\"><\/h2><span class=\"tpg-widget-heading-line\"><\/span><\/div><div data-title='Loading ...' class='rt-row rt-content-loader   layout1 tpg-even'><div class=\"rt-col-md-4 rt-col-sm-6 rt-col-xs-12 even-grid-item rt-grid-item\" data-id=\"4258\"><div class=\"rt-holder\"><div class=\"rt-img-holder\"><a data-id=\"4258\" class=\"\" href=\"https:\/\/www.acrobatix.sk\/en\/2025\/02\/12\/laska-k-vzdusnej-akrobacii-umenie-stelesnenie-fronesis\/\"><img fetchpriority=\"high\" decoding=\"async\" class=\"rt-img-responsive\" src=\"https:\/\/www.acrobatix.sk\/wp-content\/uploads\/2023\/08\/foto-15-768x512.jpg\" width=\"768\" height=\"512\" alt=\"L\u00e1ska k vzdu\u0161nej akrobacii: Umenie, stelesnenie, fr\u00f3n\u00e9sis&#8230;\" \/><\/a><\/div><div class='rt-detail'><h3 class=\"entry-title\"><a data-id=\"4258\" class=\"\" href=\"https:\/\/www.acrobatix.sk\/en\/2025\/02\/12\/laska-k-vzdusnej-akrobacii-umenie-stelesnenie-fronesis\/\">L\u00e1ska k vzdu\u0161nej akrobacii: Umenie, stelesnenie, fr\u00f3n\u00e9sis&#8230;<\/a><\/h3><div class='post-meta-user'><span class='date'>12. February 2025<\/span><\/div><div class='tpg-excerpt'>Vzdu\u0161n\u00e1 akrobacia nie je len \u0161port \u010di umeleck\u00e1 discipl\u00edna. Sp\u00f4sob, ako c\u00edti\u0165 vlastn\u00e9 telo, prekona\u0165...<\/div><div class='post-meta'><span class='read-more'><a data-id='4258' class='' href='https:\/\/www.acrobatix.sk\/en\/2025\/02\/12\/laska-k-vzdusnej-akrobacii-umenie-stelesnenie-fronesis\/'>\u010c\u00edta\u0165 \u010falej<\/a><\/span><\/div><\/div><\/div><\/div><\/div><\/div><\/div>\n\t\t\t\t\t\t<\/div>\n\t\t\t\t<\/div>\n\t\t\t\t\t<\/div>\n\t\t<\/div>\n\t\t\t\t\t<\/div>\n\t\t<\/section>\n\t\t\t\t<\/div>","protected":false},"excerpt":{"rendered":"<p>[wp_blog_designer]<\/p>\n","protected":false},"author":3,"featured_media":0,"parent":0,"menu_order":0,"comment_status":"closed","ping_status":"closed","template":"","meta":{"_acf_changed":false,"footnotes":""},"class_list":["post-4220","page","type-page","status-publish","hentry"],"acf":[],"yoast_head":"<!-- This site is optimized with the Yoast SEO plugin v27.4 - https:\/\/yoast.com\/product\/yoast-seo-wordpress\/ -->\n<title>Blog - Acrobatix<\/title>\n<meta name=\"robots\" content=\"index, follow, max-snippet:-1, max-image-preview:large, max-video-preview:-1\" \/>\n<link rel=\"canonical\" href=\"https:\/\/www.acrobatix.sk\/en\/blog\/\" \/>\n<meta property=\"og:locale\" content=\"en_US\" \/>\n<meta property=\"og:type\" content=\"article\" \/>\n<meta property=\"og:title\" content=\"Blog - Acrobatix\" \/>\n<meta property=\"og:description\" content=\"[wp_blog_designer]\" \/>\n<meta property=\"og:url\" content=\"https:\/\/www.acrobatix.sk\/en\/blog\/\" \/>\n<meta property=\"og:site_name\" content=\"Acrobatix\" \/>\n<meta property=\"article:publisher\" content=\"https:\/\/www.facebook.com\/Acrobatix.sk\" \/>\n<meta property=\"article:modified_time\" content=\"2025-02-12T08:52:07+00:00\" \/>\n<meta name=\"twitter:card\" content=\"summary_large_image\" \/>\n<script type=\"application\/ld+json\" class=\"yoast-schema-graph\">{\"@context\":\"https:\\\/\\\/schema.org\",\"@graph\":[{\"@type\":\"WebPage\",\"@id\":\"https:\\\/\\\/www.acrobatix.sk\\\/blog\\\/\",\"url\":\"https:\\\/\\\/www.acrobatix.sk\\\/blog\\\/\",\"name\":\"Blog - Acrobatix\",\"isPartOf\":{\"@id\":\"https:\\\/\\\/www.acrobatix.sk\\\/#website\"},\"datePublished\":\"2025-02-11T16:08:30+00:00\",\"dateModified\":\"2025-02-12T08:52:07+00:00\",\"breadcrumb\":{\"@id\":\"https:\\\/\\\/www.acrobatix.sk\\\/blog\\\/#breadcrumb\"},\"inLanguage\":\"en-US\",\"potentialAction\":[{\"@type\":\"ReadAction\",\"target\":[\"https:\\\/\\\/www.acrobatix.sk\\\/blog\\\/\"]}]},{\"@type\":\"BreadcrumbList\",\"@id\":\"https:\\\/\\\/www.acrobatix.sk\\\/blog\\\/#breadcrumb\",\"itemListElement\":[{\"@type\":\"ListItem\",\"position\":1,\"name\":\"Home\",\"item\":\"https:\\\/\\\/www.acrobatix.sk\\\/\"},{\"@type\":\"ListItem\",\"position\":2,\"name\":\"Blog\"}]},{\"@type\":\"WebSite\",\"@id\":\"https:\\\/\\\/www.acrobatix.sk\\\/#website\",\"url\":\"https:\\\/\\\/www.acrobatix.sk\\\/\",\"name\":\"Acrobatix\",\"description\":\"Passion. Perfection. Safety.\",\"publisher\":{\"@id\":\"https:\\\/\\\/www.acrobatix.sk\\\/#organization\"},\"potentialAction\":[{\"@type\":\"SearchAction\",\"target\":{\"@type\":\"EntryPoint\",\"urlTemplate\":\"https:\\\/\\\/www.acrobatix.sk\\\/?s={search_term_string}\"},\"query-input\":{\"@type\":\"PropertyValueSpecification\",\"valueRequired\":true,\"valueName\":\"search_term_string\"}}],\"inLanguage\":\"en-US\"},{\"@type\":\"Organization\",\"@id\":\"https:\\\/\\\/www.acrobatix.sk\\\/#organization\",\"name\":\"AcrobatiX - aerial arts academy\",\"url\":\"https:\\\/\\\/www.acrobatix.sk\\\/\",\"logo\":{\"@type\":\"ImageObject\",\"inLanguage\":\"en-US\",\"@id\":\"https:\\\/\\\/www.acrobatix.sk\\\/#\\\/schema\\\/logo\\\/image\\\/\",\"url\":\"https:\\\/\\\/www.acrobatix.sk\\\/wp-content\\\/uploads\\\/2021\\\/04\\\/cropped-Asset-1.png\",\"contentUrl\":\"https:\\\/\\\/www.acrobatix.sk\\\/wp-content\\\/uploads\\\/2021\\\/04\\\/cropped-Asset-1.png\",\"width\":349,\"height\":245,\"caption\":\"AcrobatiX - aerial arts academy\"},\"image\":{\"@id\":\"https:\\\/\\\/www.acrobatix.sk\\\/#\\\/schema\\\/logo\\\/image\\\/\"},\"sameAs\":[\"https:\\\/\\\/www.facebook.com\\\/Acrobatix.sk\",\"https:\\\/\\\/www.instagram.com\\\/acrobatix.sk\\\/\",\"https:\\\/\\\/www.youtube.com\\\/channel\\\/UCHkMt2hVWJ3I-P9H9roNgjQ\"]}]}<\/script>\n<!-- \/ Yoast SEO plugin. -->","yoast_head_json":{"title":"Blog - Acrobatix","robots":{"index":"index","follow":"follow","max-snippet":"max-snippet:-1","max-image-preview":"max-image-preview:large","max-video-preview":"max-video-preview:-1"},"canonical":"https:\/\/www.acrobatix.sk\/en\/blog\/","og_locale":"en_US","og_type":"article","og_title":"Blog - Acrobatix","og_description":"[wp_blog_designer]","og_url":"https:\/\/www.acrobatix.sk\/en\/blog\/","og_site_name":"Acrobatix","article_publisher":"https:\/\/www.facebook.com\/Acrobatix.sk","article_modified_time":"2025-02-12T08:52:07+00:00","twitter_card":"summary_large_image","schema":{"@context":"https:\/\/schema.org","@graph":[{"@type":"WebPage","@id":"https:\/\/www.acrobatix.sk\/blog\/","url":"https:\/\/www.acrobatix.sk\/blog\/","name":"Blog - Acrobatix","isPartOf":{"@id":"https:\/\/www.acrobatix.sk\/#website"},"datePublished":"2025-02-11T16:08:30+00:00","dateModified":"2025-02-12T08:52:07+00:00","breadcrumb":{"@id":"https:\/\/www.acrobatix.sk\/blog\/#breadcrumb"},"inLanguage":"en-US","potentialAction":[{"@type":"ReadAction","target":["https:\/\/www.acrobatix.sk\/blog\/"]}]},{"@type":"BreadcrumbList","@id":"https:\/\/www.acrobatix.sk\/blog\/#breadcrumb","itemListElement":[{"@type":"ListItem","position":1,"name":"Home","item":"https:\/\/www.acrobatix.sk\/"},{"@type":"ListItem","position":2,"name":"Blog"}]},{"@type":"WebSite","@id":"https:\/\/www.acrobatix.sk\/#website","url":"https:\/\/www.acrobatix.sk\/","name":"Acrobatix","description":"Passion. Perfection. Safety.","publisher":{"@id":"https:\/\/www.acrobatix.sk\/#organization"},"potentialAction":[{"@type":"SearchAction","target":{"@type":"EntryPoint","urlTemplate":"https:\/\/www.acrobatix.sk\/?s={search_term_string}"},"query-input":{"@type":"PropertyValueSpecification","valueRequired":true,"valueName":"search_term_string"}}],"inLanguage":"en-US"},{"@type":"Organization","@id":"https:\/\/www.acrobatix.sk\/#organization","name":"AcrobatiX - aerial arts academy","url":"https:\/\/www.acrobatix.sk\/","logo":{"@type":"ImageObject","inLanguage":"en-US","@id":"https:\/\/www.acrobatix.sk\/#\/schema\/logo\/image\/","url":"https:\/\/www.acrobatix.sk\/wp-content\/uploads\/2021\/04\/cropped-Asset-1.png","contentUrl":"https:\/\/www.acrobatix.sk\/wp-content\/uploads\/2021\/04\/cropped-Asset-1.png","width":349,"height":245,"caption":"AcrobatiX - aerial arts academy"},"image":{"@id":"https:\/\/www.acrobatix.sk\/#\/schema\/logo\/image\/"},"sameAs":["https:\/\/www.facebook.com\/Acrobatix.sk","https:\/\/www.instagram.com\/acrobatix.sk\/","https:\/\/www.youtube.com\/channel\/UCHkMt2hVWJ3I-P9H9roNgjQ"]}]}},"rttpg_featured_image_url":null,"rttpg_author":{"display_name":"J\u00falia Grejt\u00e1kov\u00e1","author_link":"https:\/\/www.acrobatix.sk\/en\/author\/julka\/"},"rttpg_comment":0,"rttpg_category":"","rttpg_excerpt":"[wp_blog_designer]","_links":{"self":[{"href":"https:\/\/www.acrobatix.sk\/en\/wp-json\/wp\/v2\/pages\/4220","targetHints":{"allow":["GET"]}}],"collection":[{"href":"https:\/\/www.acrobatix.sk\/en\/wp-json\/wp\/v2\/pages"}],"about":[{"href":"https:\/\/www.acrobatix.sk\/en\/wp-json\/wp\/v2\/types\/page"}],"author":[{"embeddable":true,"href":"https:\/\/www.acrobatix.sk\/en\/wp-json\/wp\/v2\/users\/3"}],"replies":[{"embeddable":true,"href":"https:\/\/www.acrobatix.sk\/en\/wp-json\/wp\/v2\/comments?post=4220"}],"version-history":[{"count":5,"href":"https:\/\/www.acrobatix.sk\/en\/wp-json\/wp\/v2\/pages\/4220\/revisions"}],"predecessor-version":[{"id":4255,"href":"https:\/\/www.acrobatix.sk\/en\/wp-json\/wp\/v2\/pages\/4220\/revisions\/4255"}],"wp:attachment":[{"href":"https:\/\/www.acrobatix.sk\/en\/wp-json\/wp\/v2\/media?parent=4220"}],"curies":[{"name":"wp","href":"https:\/\/api.w.org\/{rel}","templated":true}]}}